{"id":3489,"date":"2023-09-27T04:51:20","date_gmt":"2023-09-27T04:51:20","guid":{"rendered":"https:\/\/doctoraslan.com\/blog\/"},"modified":"2026-03-09T19:06:02","modified_gmt":"2026-03-09T19:06:02","slug":"blog","status":"publish","type":"page","link":"https:\/\/doctoraslan.com\/de\/blog\/","title":{"rendered":"Blog"},"content":{"rendered":"\t\t<div data-elementor-type=\"wp-page\" data-elementor-id=\"3489\" class=\"elementor elementor-3489\">\n\t\t\t\t\t\t<section class=\"elementor-section elementor-top-section elementor-element elementor-element-5cfd747 elementor-section-full_width elementor-section-height-min-height elementor-section-stretched pbmit-col-stretched-none pbmit-bg-color-over-image elementor-section-height-default elementor-section-items-middle wpr-particle-no wpr-jarallax-no wpr-parallax-no wpr-sticky-section-no wpr-equal-height-no\" data-id=\"5cfd747\" data-element_type=\"section\" data-e-type=\"section\" data-settings=\"{&quot;stretch_section&quot;:&quot;section-stretched&quot;,&quot;background_background&quot;:&quot;classic&quot;}\">\n\t\t\t\t\t\t<div class=\"elementor-container elementor-column-gap-no\">\n\t\t\t\t\t<div class=\"elementor-column elementor-col-100 elementor-top-column elementor-element elementor-element-7271ec0 pbmit-bg-color-over-image\" data-id=\"7271ec0\" data-element_type=\"column\" data-e-type=\"column\">\n\t\t\t<div class=\"elementor-widget-wrap elementor-element-populated\">\n\t\t\t\t\t\t<div class=\"elementor-element elementor-element-8dd7d5c elementor-widget elementor-widget-heading\" data-id=\"8dd7d5c\" data-element_type=\"widget\" data-e-type=\"widget\" data-widget_type=\"heading.default\">\n\t\t\t\t<div class=\"elementor-widget-container\">\n\t\t\t\t\t<h2 class=\"elementor-heading-title elementor-size-default\">BLOG<\/h2>\t\t\t\t<\/div>\n\t\t\t\t<\/div>\n\t\t\t\t\t<\/div>\n\t\t<\/div>\n\t\t\t\t\t<\/div>\n\t\t<\/section>\n\t\t\t\t<div class=\"elementor-section elementor-top-section elementor-element elementor-element-f257f8a pbmit-col-stretched-none pbmit-bg-color-over-image elementor-section-boxed elementor-section-height-default elementor-section-height-default wpr-particle-no wpr-jarallax-no wpr-parallax-no wpr-sticky-section-no wpr-equal-height-no\" data-id=\"f257f8a\" data-element_type=\"section\" data-e-type=\"section\">\n\t\t\t\t\t\t<div class=\"elementor-container elementor-column-gap-no\">\n\t\t\t\t\t<div class=\"elementor-column elementor-col-100 elementor-top-column elementor-element elementor-element-63c045c pbmit-bg-color-over-image\" data-id=\"63c045c\" data-element_type=\"column\" data-e-type=\"column\">\n\t\t\t<div class=\"elementor-widget-wrap elementor-element-populated\">\n\t\t\t\t\t\t<div class=\"elementor-element elementor-element-4b5f63b elementor-widget elementor-widget-pbmit_blog_element\" data-id=\"4b5f63b\" data-element_type=\"widget\" data-e-type=\"widget\" data-widget_type=\"pbmit_blog_element.default\">\n\t\t\t\t<div class=\"elementor-widget-container\">\n\t\t\t\t\t\r\n\t\t<div class=\"pbminfotech-element\r\n\t\t\tpbminfotech-element-blog\t\t\tpbmit-element-blog-style-1\t\t\tpbmit-element-viewtype-row-column\t\t\tpbmit-element-column-three\t\t\tpbmit-element-sticky-carousel-false\t\t\tpbmit-element-caroursel-dot-false\t\t\tpbmit-infinite-scroll-no\t\t\tpbmit-infinite-scroll-button-no\t\t\t\t\t\t\t\t\t\t\t\t\"\r\n\r\n\t\t\tdata-cpt=\"blog\"\r\n\t\t\tdata-totalpagination=\"-6\"\r\n\t\t\tdata-style=\"1\"\r\n\t\t\tdata-show=\"-1\"\r\n\t\t\tdata-columns=\"3\"\r\n\t\t\tdata-loop=\"false\"\r\n\t\t\tdata-autoplay=\"false\"\r\n\t\t\tdata-center=\"false\"\r\n\t\t\tdata-nav=\"false\"\r\n\t\t\tdata-dots=\"false\"\r\n\t\t\tdata-reverse=\"false\"\r\n\t\t\tdata-speed=\"1000\"\r\n\t\t\tdata-marquee-speed=\"12000\"\r\n\t\t\tdata-delay=\"4000\"\r\n\t\t\tdata-margin=\"\"\r\n\t\t\tdata-show-portion=\"false\">\r\n\r\n\t\t\t<div class=\"pbmit-element-inner\">\r\n\t\t\r\n\r\n\t\t\r\n\t\t<div class=\"pbmit-ele-header-area\">\r\n\t\t\t <div class=\"pbmit-heading-subheading pbmit-heading-subheading-style-1 pbmit-reverse-heading-yes animation-style4\"><\/div>\t\t\t\t\t<\/div>\r\n\r\n\t\t<div class=\"pbmit-infinite-scroll-data\">{\"cpt\":\"blog\",\"style\":\"1\",\"columns\":\"3\",\"show\":-1,\"order\":\"DESC\",\"orderby\":\"none\"}<\/div>\r\n\t\t\t<div class=\"pbmit-element-posts-wrapper row multi-columns-row \">\r\n\t\t\t\t\r\n\t\t\t\t<article class=\"pbmit-ele pbmit-ele-blog pbmit-blog-style-1 col-md-4 sac-ekimi-de pbmit-term-115 pbmit-odd pbmit-col-odd\"><div class=\"post-item\">\r\n\t<div class=\"pbminfotech-box-content\">\r\n\t\t<div class=\"pbmit-featured-container\">\r\n\t\t\t<div class=\"pbmit-featured-img-wrapper\"><div class=\"pbmit-featured-wrapper\"><a href=\"https:\/\/doctoraslan.com\/de\/haartransplantationspreise-ohne-rasur-im-jahr-2026-welche-faktoren-beeinflussen-sie\/sac-ekimi-de\/\"><img fetchpriority=\"high\" decoding=\"async\" width=\"890\" height=\"660\" src=\"https:\/\/doctoraslan.com\/wp-content\/uploads\/2026\/02\/2149152765-890x660.webp\" class=\"attachment-pbmit-img-890x660 size-pbmit-img-890x660 wp-post-image\" alt=\"\" srcset=\"https:\/\/doctoraslan.com\/wp-content\/uploads\/2026\/02\/2149152765-890x660.webp 890w, https:\/\/doctoraslan.com\/wp-content\/uploads\/2026\/02\/2149152765-770x570.webp 770w\" sizes=\"(max-width: 890px) 100vw, 890px\" \/><\/a><\/div><\/div>\t\t\t<a class=\"pbmit-blog-btn\" href=\"https:\/\/doctoraslan.com\/de\/haartransplantationspreise-ohne-rasur-im-jahr-2026-welche-faktoren-beeinflussen-sie\/sac-ekimi-de\/\"><span class=\"pbmit-button-icon-wrapper\"><span class=\"pbmit-button-icon\"><i class=\"pbmit-base-icon-black-arrow-1\"><\/i><\/span><\/span><\/a>\r\n\t\t\t<div class=\"pbmit-meta-cat-wrapper pbmit-meta-line\">\r\n\t\t\t\t<div class=\"pbmit-meta-category\"><a href=\"https:\/\/doctoraslan.com\/de\/category\/sac-ekimi-de\/\" rel=\"category tag\">Sa\u00e7 Ekimi<\/a><\/div>\r\n\t\t\t<\/div>\r\n\t\t\t\t\t\t\t\t\t<a class=\"pbmit-link\" href=\"https:\/\/doctoraslan.com\/de\/haartransplantationspreise-ohne-rasur-im-jahr-2026-welche-faktoren-beeinflussen-sie\/sac-ekimi-de\/\"><\/a>\r\n\t\t<\/div>\r\n\t\t<div class=\"pbmit-category-date-wraper d-flex align-items-center\">\r\n\t\t\t<div class=\"pbmit-meta-date-wrapper pbmit-meta-line\">\r\n\t\t\t\t<div class=\"pbmit-meta-date\">\r\n\t\t\t\t\t<span class=\"pbmit-post-date\"><i class=\"pbmit-base-icon-calendar-3\"><\/i>Februar  16. 2026<\/span>\r\n\t\t\t\t<\/div>\r\n\t\t\t<\/div>\r\n\t\t\t<div class=\"pbmit-meta-author pbmit-meta-line\">\r\n\t\t\t\t<span class=\"pbmit-post-author\"><i class=\"pbmit-base-icon-user-3\"><\/i>admin<\/span>\r\n\t\t\t<\/div>\r\n\t\t<\/div>\r\n\t\t<div class=\"pbmit-content-wrapper\">\r\n\t\t\t<h3 class=\"pbmit-post-title\"><a href=\"https:\/\/doctoraslan.com\/de\/haartransplantationspreise-ohne-rasur-im-jahr-2026-welche-faktoren-beeinflussen-sie\/sac-ekimi-de\/\">Haartransplantationspreise ohne Rasur im Jahr 2026: Welche Faktoren beeinflussen sie?<\/a><\/h3>\r\n\t\t<\/div>\r\n\t<\/div>\r\n<\/div><\/article><article class=\"pbmit-ele pbmit-ele-blog pbmit-blog-style-1 col-md-4 sac-ekimi-de pbmit-term-115 pbmit-even pbmit-col-odd\"><div class=\"post-item\">\r\n\t<div class=\"pbminfotech-box-content\">\r\n\t\t<div class=\"pbmit-featured-container\">\r\n\t\t\t<div class=\"pbmit-featured-img-wrapper\"><div class=\"pbmit-featured-wrapper\"><a href=\"https:\/\/doctoraslan.com\/de\/rasurlose-oder-klassische-haartransplantation-welche-ist-besser\/sac-ekimi-de\/\"><img decoding=\"async\" width=\"890\" height=\"660\" src=\"https:\/\/doctoraslan.com\/wp-content\/uploads\/2026\/02\/2149106337-890x660.webp\" class=\"attachment-pbmit-img-890x660 size-pbmit-img-890x660 wp-post-image\" alt=\"\" srcset=\"https:\/\/doctoraslan.com\/wp-content\/uploads\/2026\/02\/2149106337-890x660.webp 890w, https:\/\/doctoraslan.com\/wp-content\/uploads\/2026\/02\/2149106337-770x570.webp 770w\" sizes=\"(max-width: 890px) 100vw, 890px\" \/><\/a><\/div><\/div>\t\t\t<a class=\"pbmit-blog-btn\" href=\"https:\/\/doctoraslan.com\/de\/rasurlose-oder-klassische-haartransplantation-welche-ist-besser\/sac-ekimi-de\/\"><span class=\"pbmit-button-icon-wrapper\"><span class=\"pbmit-button-icon\"><i class=\"pbmit-base-icon-black-arrow-1\"><\/i><\/span><\/span><\/a>\r\n\t\t\t<div class=\"pbmit-meta-cat-wrapper pbmit-meta-line\">\r\n\t\t\t\t<div class=\"pbmit-meta-category\"><a href=\"https:\/\/doctoraslan.com\/de\/category\/sac-ekimi-de\/\" rel=\"category tag\">Sa\u00e7 Ekimi<\/a><\/div>\r\n\t\t\t<\/div>\r\n\t\t\t\t\t\t\t\t\t<a class=\"pbmit-link\" href=\"https:\/\/doctoraslan.com\/de\/rasurlose-oder-klassische-haartransplantation-welche-ist-besser\/sac-ekimi-de\/\"><\/a>\r\n\t\t<\/div>\r\n\t\t<div class=\"pbmit-category-date-wraper d-flex align-items-center\">\r\n\t\t\t<div class=\"pbmit-meta-date-wrapper pbmit-meta-line\">\r\n\t\t\t\t<div class=\"pbmit-meta-date\">\r\n\t\t\t\t\t<span class=\"pbmit-post-date\"><i class=\"pbmit-base-icon-calendar-3\"><\/i>Februar  16. 2026<\/span>\r\n\t\t\t\t<\/div>\r\n\t\t\t<\/div>\r\n\t\t\t<div class=\"pbmit-meta-author pbmit-meta-line\">\r\n\t\t\t\t<span class=\"pbmit-post-author\"><i class=\"pbmit-base-icon-user-3\"><\/i>admin<\/span>\r\n\t\t\t<\/div>\r\n\t\t<\/div>\r\n\t\t<div class=\"pbmit-content-wrapper\">\r\n\t\t\t<h3 class=\"pbmit-post-title\"><a href=\"https:\/\/doctoraslan.com\/de\/rasurlose-oder-klassische-haartransplantation-welche-ist-besser\/sac-ekimi-de\/\">Rasurlose oder klassische Haartransplantation \u2013 Welche ist besser?<\/a><\/h3>\r\n\t\t<\/div>\r\n\t<\/div>\r\n<\/div><\/article><article class=\"pbmit-ele pbmit-ele-blog pbmit-blog-style-1 col-md-4 sac-ekimi-de pbmit-term-115 pbmit-odd pbmit-col-odd\"><div class=\"post-item\">\r\n\t<div class=\"pbminfotech-box-content\">\r\n\t\t<div class=\"pbmit-featured-container\">\r\n\t\t\t<div class=\"pbmit-featured-img-wrapper\"><div class=\"pbmit-featured-wrapper\"><a href=\"https:\/\/doctoraslan.com\/de\/rasurlose-haartransplantation-was-ist-das-und-fuer-wen-ist-sie-geeignet\/sac-ekimi-de\/\"><img decoding=\"async\" width=\"890\" height=\"660\" src=\"https:\/\/doctoraslan.com\/wp-content\/uploads\/2026\/02\/57866-890x660.webp\" class=\"attachment-pbmit-img-890x660 size-pbmit-img-890x660 wp-post-image\" alt=\"\" srcset=\"https:\/\/doctoraslan.com\/wp-content\/uploads\/2026\/02\/57866-890x660.webp 890w, https:\/\/doctoraslan.com\/wp-content\/uploads\/2026\/02\/57866-770x570.webp 770w\" sizes=\"(max-width: 890px) 100vw, 890px\" \/><\/a><\/div><\/div>\t\t\t<a class=\"pbmit-blog-btn\" href=\"https:\/\/doctoraslan.com\/de\/rasurlose-haartransplantation-was-ist-das-und-fuer-wen-ist-sie-geeignet\/sac-ekimi-de\/\"><span class=\"pbmit-button-icon-wrapper\"><span class=\"pbmit-button-icon\"><i class=\"pbmit-base-icon-black-arrow-1\"><\/i><\/span><\/span><\/a>\r\n\t\t\t<div class=\"pbmit-meta-cat-wrapper pbmit-meta-line\">\r\n\t\t\t\t<div class=\"pbmit-meta-category\"><a href=\"https:\/\/doctoraslan.com\/de\/category\/sac-ekimi-de\/\" rel=\"category tag\">Sa\u00e7 Ekimi<\/a><\/div>\r\n\t\t\t<\/div>\r\n\t\t\t\t\t\t\t\t\t<a class=\"pbmit-link\" href=\"https:\/\/doctoraslan.com\/de\/rasurlose-haartransplantation-was-ist-das-und-fuer-wen-ist-sie-geeignet\/sac-ekimi-de\/\"><\/a>\r\n\t\t<\/div>\r\n\t\t<div class=\"pbmit-category-date-wraper d-flex align-items-center\">\r\n\t\t\t<div class=\"pbmit-meta-date-wrapper pbmit-meta-line\">\r\n\t\t\t\t<div class=\"pbmit-meta-date\">\r\n\t\t\t\t\t<span class=\"pbmit-post-date\"><i class=\"pbmit-base-icon-calendar-3\"><\/i>Februar  16. 2026<\/span>\r\n\t\t\t\t<\/div>\r\n\t\t\t<\/div>\r\n\t\t\t<div class=\"pbmit-meta-author pbmit-meta-line\">\r\n\t\t\t\t<span class=\"pbmit-post-author\"><i class=\"pbmit-base-icon-user-3\"><\/i>admin<\/span>\r\n\t\t\t<\/div>\r\n\t\t<\/div>\r\n\t\t<div class=\"pbmit-content-wrapper\">\r\n\t\t\t<h3 class=\"pbmit-post-title\"><a href=\"https:\/\/doctoraslan.com\/de\/rasurlose-haartransplantation-was-ist-das-und-fuer-wen-ist-sie-geeignet\/sac-ekimi-de\/\">Rasurlose Haartransplantation: Was ist das und f\u00fcr wen ist sie geeignet?<\/a><\/h3>\r\n\t\t<\/div>\r\n\t<\/div>\r\n<\/div><\/article><article class=\"pbmit-ele pbmit-ele-blog pbmit-blog-style-1 col-md-4 estetik-guzellik-de pbmit-term-110 pbmit-even pbmit-col-even\"><div class=\"post-item\">\r\n\t<div class=\"pbminfotech-box-content\">\r\n\t\t<div class=\"pbmit-featured-container\">\r\n\t\t\t<div class=\"pbmit-featured-img-wrapper\"><div class=\"pbmit-featured-wrapper\"><a href=\"https:\/\/doctoraslan.com\/de\/nad-und-intravenoese-vitamintherapien\/estetik-guzellik-de\/\"><img loading=\"lazy\" decoding=\"async\" width=\"890\" height=\"642\" src=\"https:\/\/doctoraslan.com\/wp-content\/uploads\/2025\/09\/Depositphotos_58108921_original-Photoroom-890x642.webp\" class=\"attachment-pbmit-img-890x660 size-pbmit-img-890x660 wp-post-image\" alt=\"\" \/><\/a><\/div><\/div>\t\t\t<a class=\"pbmit-blog-btn\" href=\"https:\/\/doctoraslan.com\/de\/nad-und-intravenoese-vitamintherapien\/estetik-guzellik-de\/\"><span class=\"pbmit-button-icon-wrapper\"><span class=\"pbmit-button-icon\"><i class=\"pbmit-base-icon-black-arrow-1\"><\/i><\/span><\/span><\/a>\r\n\t\t\t<div class=\"pbmit-meta-cat-wrapper pbmit-meta-line\">\r\n\t\t\t\t<div class=\"pbmit-meta-category\"><a href=\"https:\/\/doctoraslan.com\/de\/category\/estetik-guzellik-de\/\" rel=\"category tag\">Estetik &amp; G\u00fczellik<\/a><\/div>\r\n\t\t\t<\/div>\r\n\t\t\t\t\t\t\t\t\t<a class=\"pbmit-link\" href=\"https:\/\/doctoraslan.com\/de\/nad-und-intravenoese-vitamintherapien\/estetik-guzellik-de\/\"><\/a>\r\n\t\t<\/div>\r\n\t\t<div class=\"pbmit-category-date-wraper d-flex align-items-center\">\r\n\t\t\t<div class=\"pbmit-meta-date-wrapper pbmit-meta-line\">\r\n\t\t\t\t<div class=\"pbmit-meta-date\">\r\n\t\t\t\t\t<span class=\"pbmit-post-date\"><i class=\"pbmit-base-icon-calendar-3\"><\/i>Januar  19. 2026<\/span>\r\n\t\t\t\t<\/div>\r\n\t\t\t<\/div>\r\n\t\t\t<div class=\"pbmit-meta-author pbmit-meta-line\">\r\n\t\t\t\t<span class=\"pbmit-post-author\"><i class=\"pbmit-base-icon-user-3\"><\/i>admin<\/span>\r\n\t\t\t<\/div>\r\n\t\t<\/div>\r\n\t\t<div class=\"pbmit-content-wrapper\">\r\n\t\t\t<h3 class=\"pbmit-post-title\"><a href=\"https:\/\/doctoraslan.com\/de\/nad-und-intravenoese-vitamintherapien\/estetik-guzellik-de\/\">NAD+ und intraven\u00f6se Vitamintherapien<\/a><\/h3>\r\n\t\t<\/div>\r\n\t<\/div>\r\n<\/div><\/article><article class=\"pbmit-ele pbmit-ele-blog pbmit-blog-style-1 col-md-4 estetik-guzellik-de pbmit-term-110 pbmit-odd pbmit-col-even\"><div class=\"post-item\">\r\n\t<div class=\"pbminfotech-box-content\">\r\n\t\t<div class=\"pbmit-featured-container\">\r\n\t\t\t<div class=\"pbmit-featured-img-wrapper\"><div class=\"pbmit-featured-wrapper\"><a href=\"https:\/\/doctoraslan.com\/de\/exosom-therapie-die-zellulaere-revolution-in-der-hautverjuengung\/estetik-guzellik-de\/\"><img loading=\"lazy\" decoding=\"async\" width=\"890\" height=\"660\" src=\"https:\/\/doctoraslan.com\/wp-content\/uploads\/2025\/09\/Depositphotos_31460779_original-890x660.webp\" class=\"attachment-pbmit-img-890x660 size-pbmit-img-890x660 wp-post-image\" alt=\"\" srcset=\"https:\/\/doctoraslan.com\/wp-content\/uploads\/2025\/09\/Depositphotos_31460779_original-890x660.webp 890w, https:\/\/doctoraslan.com\/wp-content\/uploads\/2025\/09\/Depositphotos_31460779_original-770x570.webp 770w\" sizes=\"(max-width: 890px) 100vw, 890px\" \/><\/a><\/div><\/div>\t\t\t<a class=\"pbmit-blog-btn\" href=\"https:\/\/doctoraslan.com\/de\/exosom-therapie-die-zellulaere-revolution-in-der-hautverjuengung\/estetik-guzellik-de\/\"><span class=\"pbmit-button-icon-wrapper\"><span class=\"pbmit-button-icon\"><i class=\"pbmit-base-icon-black-arrow-1\"><\/i><\/span><\/span><\/a>\r\n\t\t\t<div class=\"pbmit-meta-cat-wrapper pbmit-meta-line\">\r\n\t\t\t\t<div class=\"pbmit-meta-category\"><a href=\"https:\/\/doctoraslan.com\/de\/category\/estetik-guzellik-de\/\" rel=\"category tag\">Estetik &amp; G\u00fczellik<\/a><\/div>\r\n\t\t\t<\/div>\r\n\t\t\t\t\t\t\t\t\t<a class=\"pbmit-link\" href=\"https:\/\/doctoraslan.com\/de\/exosom-therapie-die-zellulaere-revolution-in-der-hautverjuengung\/estetik-guzellik-de\/\"><\/a>\r\n\t\t<\/div>\r\n\t\t<div class=\"pbmit-category-date-wraper d-flex align-items-center\">\r\n\t\t\t<div class=\"pbmit-meta-date-wrapper pbmit-meta-line\">\r\n\t\t\t\t<div class=\"pbmit-meta-date\">\r\n\t\t\t\t\t<span class=\"pbmit-post-date\"><i class=\"pbmit-base-icon-calendar-3\"><\/i>Januar  19. 2026<\/span>\r\n\t\t\t\t<\/div>\r\n\t\t\t<\/div>\r\n\t\t\t<div class=\"pbmit-meta-author pbmit-meta-line\">\r\n\t\t\t\t<span class=\"pbmit-post-author\"><i class=\"pbmit-base-icon-user-3\"><\/i>admin<\/span>\r\n\t\t\t<\/div>\r\n\t\t<\/div>\r\n\t\t<div class=\"pbmit-content-wrapper\">\r\n\t\t\t<h3 class=\"pbmit-post-title\"><a href=\"https:\/\/doctoraslan.com\/de\/exosom-therapie-die-zellulaere-revolution-in-der-hautverjuengung\/estetik-guzellik-de\/\">Exosom-Therapie: Die zellul\u00e4re Revolution in der Hautverj\u00fcngung<\/a><\/h3>\r\n\t\t<\/div>\r\n\t<\/div>\r\n<\/div><\/article><article class=\"pbmit-ele pbmit-ele-blog pbmit-blog-style-1 col-md-4 estetik-guzellik-de pbmit-term-110 pbmit-even pbmit-col-even\"><div class=\"post-item\">\r\n\t<div class=\"pbminfotech-box-content\">\r\n\t\t<div class=\"pbmit-featured-container\">\r\n\t\t\t<div class=\"pbmit-featured-img-wrapper\"><div class=\"pbmit-featured-wrapper\"><a href=\"https:\/\/doctoraslan.com\/de\/langhaartransplantation-volles-haar-ohne-rasur-und-wartezeit\/estetik-guzellik-de\/\"><img loading=\"lazy\" decoding=\"async\" width=\"890\" height=\"660\" src=\"https:\/\/doctoraslan.com\/wp-content\/uploads\/2025\/08\/after-2-890x660.webp\" class=\"attachment-pbmit-img-890x660 size-pbmit-img-890x660 wp-post-image\" alt=\"\" srcset=\"https:\/\/doctoraslan.com\/wp-content\/uploads\/2025\/08\/after-2-890x660.webp 890w, https:\/\/doctoraslan.com\/wp-content\/uploads\/2025\/08\/after-2-770x570.webp 770w\" sizes=\"(max-width: 890px) 100vw, 890px\" \/><\/a><\/div><\/div>\t\t\t<a class=\"pbmit-blog-btn\" href=\"https:\/\/doctoraslan.com\/de\/langhaartransplantation-volles-haar-ohne-rasur-und-wartezeit\/estetik-guzellik-de\/\"><span class=\"pbmit-button-icon-wrapper\"><span class=\"pbmit-button-icon\"><i class=\"pbmit-base-icon-black-arrow-1\"><\/i><\/span><\/span><\/a>\r\n\t\t\t<div class=\"pbmit-meta-cat-wrapper pbmit-meta-line\">\r\n\t\t\t\t<div class=\"pbmit-meta-category\"><a href=\"https:\/\/doctoraslan.com\/de\/category\/estetik-guzellik-de\/\" rel=\"category tag\">Estetik &amp; G\u00fczellik<\/a><\/div>\r\n\t\t\t<\/div>\r\n\t\t\t\t\t\t\t\t\t<a class=\"pbmit-link\" href=\"https:\/\/doctoraslan.com\/de\/langhaartransplantation-volles-haar-ohne-rasur-und-wartezeit\/estetik-guzellik-de\/\"><\/a>\r\n\t\t<\/div>\r\n\t\t<div class=\"pbmit-category-date-wraper d-flex align-items-center\">\r\n\t\t\t<div class=\"pbmit-meta-date-wrapper pbmit-meta-line\">\r\n\t\t\t\t<div class=\"pbmit-meta-date\">\r\n\t\t\t\t\t<span class=\"pbmit-post-date\"><i class=\"pbmit-base-icon-calendar-3\"><\/i>Januar  19. 2026<\/span>\r\n\t\t\t\t<\/div>\r\n\t\t\t<\/div>\r\n\t\t\t<div class=\"pbmit-meta-author pbmit-meta-line\">\r\n\t\t\t\t<span class=\"pbmit-post-author\"><i class=\"pbmit-base-icon-user-3\"><\/i>admin<\/span>\r\n\t\t\t<\/div>\r\n\t\t<\/div>\r\n\t\t<div class=\"pbmit-content-wrapper\">\r\n\t\t\t<h3 class=\"pbmit-post-title\"><a href=\"https:\/\/doctoraslan.com\/de\/langhaartransplantation-volles-haar-ohne-rasur-und-wartezeit\/estetik-guzellik-de\/\">Langhaartransplantation: Volles Haar ohne Rasur und Wartezeit<\/a><\/h3>\r\n\t\t<\/div>\r\n\t<\/div>\r\n<\/div><\/article>\r\n\t\t\t<\/div> <!-- .pbmit-element-posts-wrapper -->\r\n\r\n\t\t\t\r\n\t\t\t\r\n\t\t\r\n\t\t\r\n\t\t\t\t\t<\/div><!-- .pbmit-element-inner -->\r\n\t\t<\/div><!-- .pbminfotech-element -->\r\n\r\n\t\t\r\n\t\t\t\t\t\t<\/div>\n\t\t\t\t<\/div>\n\t\t\t\t\t<\/div>\n\t\t<\/div>\n\t\t\t\t\t<\/div>\n\t\t<\/div>\n\t\t\t\t<\/div>\n\t\t","protected":false},"excerpt":{"rendered":"<p>BLOG {&#8222;cpt&#8220;:&#8220;blog&#8220;,&#8220;style&#8220;:&#8220;1&#8243;,&#8220;columns&#8220;:&#8220;3&#8243;,&#8220;show&#8220;:-1,&#8220;order&#8220;:&#8220;DESC&#8220;,&#8220;orderby&#8220;:&#8220;none&#8220;} Estetik &amp; G\u00fczellik August 17. 2025 admin Sa\u00e7 Sa\u011fl\u0131\u011f\u0131n\u0131z\u0131 Koruman\u0131n 7 Alt\u0131n Kural\u0131 Estetik &amp; G\u00fczellik August 17. 2025 admin K\u00f6k H\u00fccre Tedavisinin Estetikte Y\u00fckselen \u00d6nemi Sa\u00e7 Ekimi August 29. 2023 admin Sa\u00e7 Ekiminde Do\u011fal ve Kal\u0131c\u0131 Sonu\u00e7lar\u0131n S\u0131rr\u0131<\/p>\n","protected":false},"author":1,"featured_media":0,"parent":0,"menu_order":31,"comment_status":"closed","ping_status":"closed","template":"","meta":{"footnotes":""},"class_list":["post-3489","page","type-page","status-publish","hentry"],"aioseo_notices":[],"_links":{"self":[{"href":"https:\/\/doctoraslan.com\/de\/wp-json\/wp\/v2\/pages\/3489","targetHints":{"allow":["GET"]}}],"collection":[{"href":"https:\/\/doctoraslan.com\/de\/wp-json\/wp\/v2\/pages"}],"about":[{"href":"https:\/\/doctoraslan.com\/de\/wp-json\/wp\/v2\/types\/page"}],"author":[{"embeddable":true,"href":"https:\/\/doctoraslan.com\/de\/wp-json\/wp\/v2\/users\/1"}],"replies":[{"embeddable":true,"href":"https:\/\/doctoraslan.com\/de\/wp-json\/wp\/v2\/comments?post=3489"}],"version-history":[{"count":1,"href":"https:\/\/doctoraslan.com\/de\/wp-json\/wp\/v2\/pages\/3489\/revisions"}],"predecessor-version":[{"id":3500,"href":"https:\/\/doctoraslan.com\/de\/wp-json\/wp\/v2\/pages\/3489\/revisions\/3500"}],"wp:attachment":[{"href":"https:\/\/doctoraslan.com\/de\/wp-json\/wp\/v2\/media?parent=3489"}],"curies":[{"name":"wp","href":"https:\/\/api.w.org\/{rel}","templated":true}]}}